{"id":18,"date":"2026-02-01T22:44:45","date_gmt":"2026-02-01T19:44:45","guid":{"rendered":"https:\/\/www.tunaholidaycentre.com\/sss-sikca-sorulan-sorular\/"},"modified":"2026-02-01T23:02:42","modified_gmt":"2026-02-01T20:02:42","slug":"sss-sikca-sorulan-sorular","status":"publish","type":"page","link":"https:\/\/www.tunaholidaycentre.com\/en\/sss-sikca-sorulan-sorular\/","title":{"rendered":"SSS (S\u0131k\u00e7a Sorulan Sorular)"},"content":{"rendered":"<div class=\"wp-block-group alignfull is-style-ext-preset--group--natural-1--section has-background-background-color has-background has-global-padding is-layout-constrained wp-container-core-group-is-layout-e955bbaf wp-block-group-is-layout-constrained\" id=\"sss\" style=\"margin-top:0;margin-bottom:0;padding-top:var(--wp--preset--spacing--70);padding-bottom:var(--wp--preset--spacing--70)\">\n<div class=\"wp-block-group alignwide is-vertical is-layout-flex wp-container-core-group-is-layout-c35747d5 wp-block-group-is-layout-flex\">\n<div class=\"wp-block-group has-global-padding is-layout-constrained wp-container-core-group-is-layout-2287c683 wp-block-group-is-layout-constrained\">\n<h2 class=\"wp-block-heading\">Konforlu ve H\u0131zl\u0131 Transferler<\/h2>\n\n\n\n<p>M\u00fc\u015fterilerimizin en \u00e7ok merak etti\u011fi sorular\u0131 yan\u0131tlayarak, ihtiya\u00e7 duyduklar\u0131 bilgilere kolayca ula\u015fmalar\u0131n\u0131 sa\u011fl\u0131yoruz.<\/p>\n<\/div>\n<\/div>\n\n\n\n<div class=\"wp-block-columns alignwide is-layout-flex wp-container-core-columns-is-layout-08c01c1c wp-block-columns-is-layout-flex\">\n<div class=\"wp-block-column is-layout-flow wp-container-core-column-is-layout-119bc444 wp-block-column-is-layout-flow\">\n<div class=\"wp-block-group is-style-ext-preset--group--natural-1--item-card-1--align-start has-global-padding is-layout-constrained wp-block-group-is-layout-constrained is-style-ext-preset--group--natural-1--item-card-1--align-start--2\">\n<div class=\"wp-block-group is-style-default has-global-padding is-layout-constrained wp-block-group-is-layout-constrained\">\n<h3 class=\"wp-block-heading\">Tuna Holiday transfer hizmetleri nas\u0131l \u00e7al\u0131\u015f\u0131yor?<\/h3>\n\n\n\n<p>Rezervasyon yapt\u0131ktan sonra, belirtilen saatte havaalan\u0131nda sizi kar\u015f\u0131l\u0131yor ve konforlu arac\u0131m\u0131zla istedi\u011finiz noktaya ula\u015ft\u0131r\u0131yoruz.<\/p>\n<\/div>\n<\/div>\n<\/div>\n\n\n\n<div class=\"wp-block-column is-layout-flow wp-container-core-column-is-layout-119bc444 wp-block-column-is-layout-flow\">\n<div class=\"wp-block-group is-style-ext-preset--group--natural-1--item-card-1--align-start has-global-padding is-layout-constrained wp-block-group-is-layout-constrained is-style-ext-preset--group--natural-1--item-card-1--align-start--3\">\n<div class=\"wp-block-group is-style-default has-global-padding is-layout-constrained wp-block-group-is-layout-constrained\">\n<h3 class=\"wp-block-heading\">G\u00fcnl\u00fck turlar\u0131n\u0131z hangi g\u00fczergahlar\u0131 kaps\u0131yor?<\/h3>\n\n\n\n<p>Marmaris ve \u00e7evresindeki do\u011fal ve tarihi yerleri i\u00e7eren \u00e7e\u015fitli tur se\u00e7eneklerimiz mevcuttur, detaylar\u0131 bizimle ileti\u015fime ge\u00e7erek \u00f6\u011frenebilirsiniz.<\/p>\n<\/div>\n<\/div>\n<\/div>\n<\/div>\n\n\n\n<div class=\"wp-block-columns alignwide is-layout-flex wp-container-core-columns-is-layout-967d05ff wp-block-columns-is-layout-flex\" style=\"margin-top:var(--wp--preset--spacing--40)\">\n<div class=\"wp-block-column is-layout-flow wp-container-core-column-is-layout-119bc444 wp-block-column-is-layout-flow\">\n<div class=\"wp-block-group is-style-ext-preset--group--natural-1--item-card-1--align-start has-global-padding is-layout-constrained wp-block-group-is-layout-constrained is-style-ext-preset--group--natural-1--item-card-1--align-start--4\">\n<div class=\"wp-block-group is-style-default has-global-padding is-layout-constrained wp-block-group-is-layout-constrained\">\n<h3 class=\"wp-block-heading\">Rezervasyon yaparken nelere dikkat etmeliyim?<\/h3>\n\n\n\n<p>Transfer veya tur rezervasyonunuzu \u00f6nceden yapman\u0131z, yer garantisi ve planlaman\u0131z a\u00e7\u0131s\u0131ndan \u00f6nemlidir.<\/p>\n<\/div>\n<\/div>\n<\/div>\n\n\n\n<div class=\"wp-block-column is-layout-flow wp-container-core-column-is-layout-119bc444 wp-block-column-is-layout-flow\">\n<div class=\"wp-block-group is-style-ext-preset--group--natural-1--item-card-1--align-start has-global-padding is-layout-constrained wp-block-group-is-layout-constrained is-style-ext-preset--group--natural-1--item-card-1--align-start--5\">\n<div class=\"wp-block-group is-style-default has-global-padding is-layout-constrained wp-block-group-is-layout-constrained\">\n<h3 class=\"wp-block-heading\">\u0130ptal ve de\u011fi\u015fiklik politikalar\u0131n\u0131z nedir?<\/h3>\n\n\n\n<p>Rezervasyon iptalleri ve de\u011fi\u015fiklikler belirli ko\u015fullar dahilinde kabul edilir, detayl\u0131 bilgi i\u00e7in bizimle ileti\u015fime ge\u00e7ebilirsiniz.<\/p>\n<\/div>\n<\/div>\n<\/div>\n<\/div>\n\n\n\n<div class=\"wp-block-columns alignwide is-layout-flex wp-container-core-columns-is-layout-967d05ff wp-block-columns-is-layout-flex\" style=\"margin-top:var(--wp--preset--spacing--40)\">\n<div class=\"wp-block-column is-layout-flow wp-container-core-column-is-layout-119bc444 wp-block-column-is-layout-flow\">\n<div class=\"wp-block-group is-style-ext-preset--group--natural-1--item-card-1--align-start has-global-padding is-layout-constrained wp-block-group-is-layout-constrained is-style-ext-preset--group--natural-1--item-card-1--align-start--6\">\n<div class=\"wp-block-group is-style-default has-global-padding is-layout-constrained wp-block-group-is-layout-constrained\">\n<h3 class=\"wp-block-heading\">Ara\u00e7lar\u0131n\u0131z\u0131n konfor ve g\u00fcvenlik standartlar\u0131 nelerdir?<\/h3>\n\n\n\n<p>T\u00fcm ara\u00e7lar\u0131m\u0131z d\u00fczenli bak\u0131ml\u0131, konforlu ve deneyimli s\u00fcr\u00fcc\u00fcler taraf\u0131ndan hizmet vermektedir.<\/p>\n<\/div>\n<\/div>\n<\/div>\n\n\n\n<div class=\"wp-block-column is-layout-flow wp-container-core-column-is-layout-119bc444 wp-block-column-is-layout-flow\">\n<div class=\"wp-block-group is-style-ext-preset--group--natural-1--item-card-1--align-start has-global-padding is-layout-constrained wp-block-group-is-layout-constrained is-style-ext-preset--group--natural-1--item-card-1--align-start--7\">\n<div class=\"wp-block-group is-style-default has-global-padding is-layout-constrained wp-block-group-is-layout-constrained\">\n<h3 class=\"wp-block-heading\">\u00d6zel taleplerimi nas\u0131l iletebilirim?<\/h3>\n\n\n\n<p>\u00d6zel isteklerinizi rezervasyon s\u0131ras\u0131nda veya \u00f6ncesinde bizimle payla\u015fabilirsiniz, size en iyi \u015fekilde yard\u0131mc\u0131 oluruz.<\/p>\n<\/div>\n<\/div>\n<\/div>\n<\/div>\n<\/div>\n\n<div class=\"wp-block-group alignfull is-style-ext-preset--group--natural-1--section has-tertiary-background-color has-background has-global-padding is-layout-constrained wp-container-core-group-is-layout-e955bbaf wp-block-group-is-layout-constrained\" id=\"hizmetler\" style=\"margin-top:0;margin-bottom:0;padding-top:var(--wp--preset--spacing--70);padding-bottom:var(--wp--preset--spacing--70)\">\n<div class=\"wp-block-group alignwide is-vertical is-layout-flex wp-container-core-group-is-layout-c35747d5 wp-block-group-is-layout-flex\">\n<div class=\"wp-block-group has-global-padding is-layout-constrained wp-container-core-group-is-layout-5e05634a wp-block-group-is-layout-constrained\">\n<h2 class=\"wp-block-heading\">Marmaris&#8217;te Konforlu Tatilin Ad\u0131: TUNA HOLIDAY<\/h2>\n\n\n\n<p class=\"has-text-align-left\">TUNA HOLIDAY olarak \u00f6zel transferler ve g\u00fcnl\u00fck turlar ile unutulmaz anlar ya\u015faman\u0131z\u0131 sa\u011fl\u0131yoruz.<\/p>\n<\/div>\n<\/div>\n\n\n\n<div class=\"wp-block-columns alignwide is-layout-flex wp-container-core-columns-is-layout-08c01c1c wp-block-columns-is-layout-flex\">\n<div class=\"wp-block-column is-vertically-aligned-stretch is-layout-flow wp-container-core-column-is-layout-119bc444 wp-block-column-is-layout-flow\">\n<div class=\"wp-block-media-text is-stacked-on-mobile is-image-fill-element is-style-ext-preset--media-text--natural-1--card-1 has-background-background-color has-background is-style-ext-preset--media-text--natural-1--card-1--9\"><figure class=\"wp-block-media-text__media\"><img decoding=\"async\" width=\"1440\" height=\"960\" class=\"wp-image-32 size-full\" src=\"https:\/\/www.tunaholidaycentre.com\/wp-content\/uploads\/2026\/02\/c57996f98e1904e4848bafc1d86b8c15f69ec5d5.jpg\" alt=\"\" style=\"object-position:50% 50%\" srcset=\"https:\/\/www.tunaholidaycentre.com\/wp-content\/uploads\/2026\/02\/c57996f98e1904e4848bafc1d86b8c15f69ec5d5.jpg 1440w, https:\/\/www.tunaholidaycentre.com\/wp-content\/uploads\/2026\/02\/c57996f98e1904e4848bafc1d86b8c15f69ec5d5-300x200.jpg 300w, https:\/\/www.tunaholidaycentre.com\/wp-content\/uploads\/2026\/02\/c57996f98e1904e4848bafc1d86b8c15f69ec5d5-1024x683.jpg 1024w, https:\/\/www.tunaholidaycentre.com\/wp-content\/uploads\/2026\/02\/c57996f98e1904e4848bafc1d86b8c15f69ec5d5-18x12.jpg 18w\" sizes=\"(max-width: 1440px) 100vw, 1440px\" \/><\/figure><div class=\"wp-block-media-text__content\">\n<div class=\"wp-block-group is-style-default has-global-padding is-layout-constrained wp-container-core-group-is-layout-9a7b35d3 wp-block-group-is-layout-constrained\" style=\"padding-top:var(--wp--preset--spacing--40);padding-right:var(--wp--preset--spacing--30);padding-bottom:var(--wp--preset--spacing--40);padding-left:var(--wp--preset--spacing--30)\">\n<h3 class=\"wp-block-heading\" style=\"font-size:clamp(15.747px, 0.984rem + ((1vw - 3.2px) * 0.86), 24px);\">\u00d6zel Havaalan\u0131 Transferleri<\/h3>\n\n\n\n<p class=\"has-small-font-size\">Havaliman\u0131ndan konaklama yerine h\u0131zl\u0131 ve konforlu ula\u015f\u0131m i\u00e7in \u00f6zel ara\u00e7lar\u0131m\u0131zla hizmetinizdeyiz.<\/p>\n<\/div>\n<\/div><\/div>\n<\/div>\n\n\n\n<div class=\"wp-block-column is-vertically-aligned-stretch is-layout-flow wp-container-core-column-is-layout-119bc444 wp-block-column-is-layout-flow\">\n<div class=\"wp-block-media-text is-stacked-on-mobile is-image-fill-element is-style-ext-preset--media-text--natural-1--card-1 has-background-background-color has-background is-style-ext-preset--media-text--natural-1--card-1--10\"><figure class=\"wp-block-media-text__media\"><img decoding=\"async\" width=\"960\" height=\"1440\" class=\"wp-image-33 size-full\" src=\"https:\/\/www.tunaholidaycentre.com\/wp-content\/uploads\/2026\/02\/20f8165c59ec95913287037da5b7cfea1c6b40d6.jpg\" alt=\"\" style=\"object-position:50% 50%\" srcset=\"https:\/\/www.tunaholidaycentre.com\/wp-content\/uploads\/2026\/02\/20f8165c59ec95913287037da5b7cfea1c6b40d6.jpg 960w, https:\/\/www.tunaholidaycentre.com\/wp-content\/uploads\/2026\/02\/20f8165c59ec95913287037da5b7cfea1c6b40d6-200x300.jpg 200w, https:\/\/www.tunaholidaycentre.com\/wp-content\/uploads\/2026\/02\/20f8165c59ec95913287037da5b7cfea1c6b40d6-683x1024.jpg 683w, https:\/\/www.tunaholidaycentre.com\/wp-content\/uploads\/2026\/02\/20f8165c59ec95913287037da5b7cfea1c6b40d6-8x12.jpg 8w\" sizes=\"(max-width: 960px) 100vw, 960px\" \/><\/figure><div class=\"wp-block-media-text__content\">\n<div class=\"wp-block-group is-style-default has-global-padding is-layout-constrained wp-container-core-group-is-layout-9a7b35d3 wp-block-group-is-layout-constrained\" style=\"padding-top:var(--wp--preset--spacing--40);padding-right:var(--wp--preset--spacing--30);padding-bottom:var(--wp--preset--spacing--40);padding-left:var(--wp--preset--spacing--30)\">\n<h3 class=\"wp-block-heading\" style=\"font-size:clamp(15.747px, 0.984rem + ((1vw - 3.2px) * 0.86), 24px);\">G\u00fcnl\u00fck Ke\u015fif Turlar\u0131<\/h3>\n\n\n\n<p class=\"has-small-font-size\">B\u00f6lgenin en g\u00fczel noktalar\u0131n\u0131 deneyimleyebilece\u011finiz rehberli g\u00fcnl\u00fck geziler sunuyoruz.<\/p>\n<\/div>\n<\/div><\/div>\n<\/div>\n<\/div>\n\n\n\n<div class=\"wp-block-columns alignwide is-layout-flex wp-container-core-columns-is-layout-967d05ff wp-block-columns-is-layout-flex\" style=\"margin-top:var(--wp--preset--spacing--40)\">\n<div class=\"wp-block-column is-vertically-aligned-stretch is-layout-flow wp-container-core-column-is-layout-119bc444 wp-block-column-is-layout-flow\">\n<div class=\"wp-block-media-text is-stacked-on-mobile is-image-fill-element is-style-ext-preset--media-text--natural-1--card-1 has-background-background-color has-background is-style-ext-preset--media-text--natural-1--card-1--11\"><figure class=\"wp-block-media-text__media\"><img decoding=\"async\" width=\"1440\" height=\"960\" class=\"wp-image-34 size-full\" src=\"https:\/\/www.tunaholidaycentre.com\/wp-content\/uploads\/2026\/02\/5354b2708fb92478101182c22d7cfebdb8048b41.jpg\" alt=\"\" style=\"object-position:50% 50%\" srcset=\"https:\/\/www.tunaholidaycentre.com\/wp-content\/uploads\/2026\/02\/5354b2708fb92478101182c22d7cfebdb8048b41.jpg 1440w, https:\/\/www.tunaholidaycentre.com\/wp-content\/uploads\/2026\/02\/5354b2708fb92478101182c22d7cfebdb8048b41-300x200.jpg 300w, https:\/\/www.tunaholidaycentre.com\/wp-content\/uploads\/2026\/02\/5354b2708fb92478101182c22d7cfebdb8048b41-1024x683.jpg 1024w, https:\/\/www.tunaholidaycentre.com\/wp-content\/uploads\/2026\/02\/5354b2708fb92478101182c22d7cfebdb8048b41-18x12.jpg 18w\" sizes=\"(max-width: 1440px) 100vw, 1440px\" \/><\/figure><div class=\"wp-block-media-text__content\">\n<div class=\"wp-block-group is-style-default has-global-padding is-layout-constrained wp-container-core-group-is-layout-9a7b35d3 wp-block-group-is-layout-constrained\" style=\"padding-top:var(--wp--preset--spacing--40);padding-right:var(--wp--preset--spacing--30);padding-bottom:var(--wp--preset--spacing--40);padding-left:var(--wp--preset--spacing--30)\">\n<h3 class=\"wp-block-heading\" style=\"font-size:clamp(15.747px, 0.984rem + ((1vw - 3.2px) * 0.86), 24px);\">Ki\u015fiye \u00d6zel Tur Planlama<\/h3>\n\n\n\n<p class=\"has-small-font-size\">\u0130steklerinize g\u00f6re \u00f6zelle\u015ftirilmi\u015f turlar ile tatilinizi tamamen size \u00f6zel hale getiriyoruz.<\/p>\n<\/div>\n<\/div><\/div>\n<\/div>\n\n\n\n<div class=\"wp-block-column is-vertically-aligned-stretch is-layout-flow wp-container-core-column-is-layout-119bc444 wp-block-column-is-layout-flow\">\n<div class=\"wp-block-media-text is-stacked-on-mobile is-image-fill-element is-style-ext-preset--media-text--natural-1--card-1 has-background-background-color has-background is-style-ext-preset--media-text--natural-1--card-1--12\"><figure class=\"wp-block-media-text__media\"><img decoding=\"async\" width=\"1080\" height=\"1440\" class=\"wp-image-35 size-full\" src=\"https:\/\/www.tunaholidaycentre.com\/wp-content\/uploads\/2026\/02\/b68239ff5b4b28022f5feb7fe32fabf1a6fa68be.jpg\" alt=\"\" style=\"object-position:50% 50%\" srcset=\"https:\/\/www.tunaholidaycentre.com\/wp-content\/uploads\/2026\/02\/b68239ff5b4b28022f5feb7fe32fabf1a6fa68be.jpg 1080w, https:\/\/www.tunaholidaycentre.com\/wp-content\/uploads\/2026\/02\/b68239ff5b4b28022f5feb7fe32fabf1a6fa68be-225x300.jpg 225w, https:\/\/www.tunaholidaycentre.com\/wp-content\/uploads\/2026\/02\/b68239ff5b4b28022f5feb7fe32fabf1a6fa68be-768x1024.jpg 768w, https:\/\/www.tunaholidaycentre.com\/wp-content\/uploads\/2026\/02\/b68239ff5b4b28022f5feb7fe32fabf1a6fa68be-9x12.jpg 9w\" sizes=\"(max-width: 1080px) 100vw, 1080px\" \/><\/figure><div class=\"wp-block-media-text__content\">\n<div class=\"wp-block-group is-style-default has-global-padding is-layout-constrained wp-container-core-group-is-layout-9a7b35d3 wp-block-group-is-layout-constrained\" style=\"padding-top:var(--wp--preset--spacing--40);padding-right:var(--wp--preset--spacing--30);padding-bottom:var(--wp--preset--spacing--40);padding-left:var(--wp--preset--spacing--30)\">\n<h3 class=\"wp-block-heading\" style=\"font-size:clamp(15.747px, 0.984rem + ((1vw - 3.2px) * 0.86), 24px);\">7\/24 M\u00fc\u015fteri Deste\u011fi<\/h3>\n\n\n\n<p class=\"has-small-font-size\">Her zaman yan\u0131n\u0131zda olan destek ekibimizle memnuniyetiniz \u00f6nceli\u011fimizdir.<\/p>\n<\/div>\n<\/div><\/div>\n<\/div>\n<\/div>\n<\/div>\n\n<div class=\"wp-block-group alignfull is-style-ext-preset--group--natural-1--section has-background-background-color has-background has-global-padding is-layout-constrained wp-container-core-group-is-layout-e955bbaf wp-block-group-is-layout-constrained\" style=\"margin-top:0;margin-bottom:0;padding-top:var(--wp--preset--spacing--70);padding-bottom:var(--wp--preset--spacing--70)\">\n<div class=\"wp-block-media-text alignwide is-stacked-on-mobile is-image-fill-element is-style-ext-preset--media-text--natural-1--card-1 has-tertiary-background-color has-background is-style-ext-preset--media-text--natural-1--card-1--14\"><figure class=\"wp-block-media-text__media\"><img decoding=\"async\" width=\"960\" height=\"1440\" class=\"wp-image-40 size-full\" src=\"https:\/\/www.tunaholidaycentre.com\/wp-content\/uploads\/2026\/02\/77aeb43cf8a3f93aaa602a4cfc85eb77ad0de98c.jpg\" alt=\"\" style=\"object-position:50% 50%\" srcset=\"https:\/\/www.tunaholidaycentre.com\/wp-content\/uploads\/2026\/02\/77aeb43cf8a3f93aaa602a4cfc85eb77ad0de98c.jpg 960w, https:\/\/www.tunaholidaycentre.com\/wp-content\/uploads\/2026\/02\/77aeb43cf8a3f93aaa602a4cfc85eb77ad0de98c-200x300.jpg 200w, https:\/\/www.tunaholidaycentre.com\/wp-content\/uploads\/2026\/02\/77aeb43cf8a3f93aaa602a4cfc85eb77ad0de98c-683x1024.jpg 683w, https:\/\/www.tunaholidaycentre.com\/wp-content\/uploads\/2026\/02\/77aeb43cf8a3f93aaa602a4cfc85eb77ad0de98c-8x12.jpg 8w\" sizes=\"(max-width: 960px) 100vw, 960px\" \/><\/figure><div class=\"wp-block-media-text__content\">\n<div class=\"wp-block-group alignwide is-vertical is-layout-flex wp-container-core-group-is-layout-53474e87 wp-block-group-is-layout-flex\" style=\"padding-top:var(--wp--preset--spacing--60);padding-bottom:var(--wp--preset--spacing--60)\">\n<div class=\"wp-block-group has-global-padding is-layout-constrained wp-container-core-group-is-layout-812d5580 wp-block-group-is-layout-constrained\" style=\"padding-top:0;padding-right:0;padding-bottom:0;padding-left:0\">\n<h2 class=\"wp-block-heading\">Marmaris&#8217;te Unutulmaz G\u00fcnl\u00fck Turlar<\/h2>\n\n\n\n<p>Marmaris\u2019in e\u015fsiz g\u00fczelliklerini ke\u015ffetmek i\u00e7in hemen TUNA HOLIDAY\u2019e kat\u0131l\u0131n! Konforlu transferler ve \u00f6zel turlar\u0131m\u0131zla hayalinizdeki tatil sizi bekliyor. Rezervasyon i\u00e7in bizimle ileti\u015fime ge\u00e7in.<\/p>\n<\/div>\n\n\n\n<div class=\"wp-block-buttons is-layout-flex wp-block-buttons-is-layout-flex\">\n<div class=\"wp-block-button is-style-ext-preset--button--natural-1--button-1 is-style-ext-preset--button--natural-1--button-1--15\"><a class=\"wp-block-button__link wp-element-button\" href=\"https:\/\/www.tunaholidaycentre.com\/en\/hizmetler\/\">Turlar\u0131m\u0131z\u0131 \u0130nceleyin<\/a><\/div>\n<\/div>\n<\/div>\n<\/div><\/div>\n<\/div>","protected":false},"excerpt":{"rendered":"<p>Konforlu ve H\u0131zl\u0131 Transferler M\u00fc\u015fterilerimizin en \u00e7ok merak etti\u011fi sorular\u0131 yan\u0131tlayarak, ihtiya\u00e7 duyduklar\u0131 bilgilere kolayca ula\u015fmalar\u0131n\u0131 sa\u011fl\u0131yoruz. Tuna Holiday transfer hizmetleri nas\u0131l \u00e7al\u0131\u015f\u0131yor? Rezervasyon yapt\u0131ktan sonra, belirtilen saatte havaalan\u0131nda sizi kar\u015f\u0131l\u0131yor ve konforlu arac\u0131m\u0131zla istedi\u011finiz noktaya ula\u015ft\u0131r\u0131yoruz. G\u00fcnl\u00fck turlar\u0131n\u0131z hangi g\u00fczergahlar\u0131 kaps\u0131yor? Marmaris ve \u00e7evresindeki do\u011fal ve tarihi yerleri i\u00e7eren \u00e7e\u015fitli tur se\u00e7eneklerimiz mevcuttur, detaylar\u0131 [&hellip;]<\/p>","protected":false},"author":1,"featured_media":0,"parent":0,"menu_order":0,"comment_status":"closed","ping_status":"closed","template":"page-with-title","meta":{"_monsterinsights_skip_tracking":false,"_monsterinsights_sitenote_active":false,"_monsterinsights_sitenote_note":"","_monsterinsights_sitenote_category":0,"footnotes":""},"class_list":["post-18","page","type-page","status-publish","hentry"],"aioseo_notices":[],"_links":{"self":[{"href":"https:\/\/www.tunaholidaycentre.com\/en\/wp-json\/wp\/v2\/pages\/18","targetHints":{"allow":["GET"]}}],"collection":[{"href":"https:\/\/www.tunaholidaycentre.com\/en\/wp-json\/wp\/v2\/pages"}],"about":[{"href":"https:\/\/www.tunaholidaycentre.com\/en\/wp-json\/wp\/v2\/types\/page"}],"author":[{"embeddable":true,"href":"https:\/\/www.tunaholidaycentre.com\/en\/wp-json\/wp\/v2\/users\/1"}],"replies":[{"embeddable":true,"href":"https:\/\/www.tunaholidaycentre.com\/en\/wp-json\/wp\/v2\/comments?post=18"}],"version-history":[{"count":2,"href":"https:\/\/www.tunaholidaycentre.com\/en\/wp-json\/wp\/v2\/pages\/18\/revisions"}],"predecessor-version":[{"id":43,"href":"https:\/\/www.tunaholidaycentre.com\/en\/wp-json\/wp\/v2\/pages\/18\/revisions\/43"}],"wp:attachment":[{"href":"https:\/\/www.tunaholidaycentre.com\/en\/wp-json\/wp\/v2\/media?parent=18"}],"curies":[{"name":"wp","href":"https:\/\/api.w.org\/{rel}","templated":true}]}}