{"id":19,"date":"2026-02-01T22:44:46","date_gmt":"2026-02-01T19:44:46","guid":{"rendered":"https:\/\/www.tunaholidaycentre.com\/hizmetler\/"},"modified":"2026-02-01T23:02:46","modified_gmt":"2026-02-01T20:02:46","slug":"hizmetler","status":"publish","type":"page","link":"https:\/\/www.tunaholidaycentre.com\/en\/hizmetler\/","title":{"rendered":"Hizmetler"},"content":{"rendered":"<div class=\"wp-block-group alignfull is-style-ext-preset--group--natural-1--section has-background-background-color has-background has-global-padding is-layout-constrained wp-container-core-group-is-layout-e955bbaf wp-block-group-is-layout-constrained\" id=\"hizmetler\" style=\"margin-top:0;margin-bottom:0;padding-top:var(--wp--preset--spacing--70);padding-bottom:var(--wp--preset--spacing--70)\">\n<div class=\"wp-block-group alignwide is-vertical is-content-justification-center is-layout-flex wp-container-core-group-is-layout-c9ee0c5a wp-block-group-is-layout-flex\">\n<div class=\"wp-block-group has-global-padding is-layout-constrained wp-container-core-group-is-layout-2287c683 wp-block-group-is-layout-constrained\">\n<h2 class=\"wp-block-heading has-text-align-center\">Marmaris&#8217;te TUNA HOLIDAY Ayr\u0131cal\u0131\u011f\u0131n\u0131 Ya\u015fay\u0131n<\/h2>\n\n\n\n<p class=\"has-text-align-center\">Konforlu ula\u015f\u0131m ve keyifli gezilerle unutulmaz anlar sunuyoruz.<\/p>\n<\/div>\n<\/div>\n\n\n\n<div class=\"wp-block-columns alignwide is-layout-flex wp-container-core-columns-is-layout-08c01c1c wp-block-columns-is-layout-flex\">\n<div class=\"wp-block-column is-layout-flow wp-block-column-is-layout-flow\">\n<div class=\"wp-block-group is-style-ext-preset--group--natural-1--item-card-1--align-center has-global-padding is-layout-constrained wp-block-group-is-layout-constrained is-style-ext-preset--group--natural-1--item-card-1--align-center--2\">\n<figure class=\"wp-block-image\"><img decoding=\"async\" width=\"1440\" height=\"960\" class=\"wp-image-44\" src=\"https:\/\/www.tunaholidaycentre.com\/wp-content\/uploads\/2026\/02\/4f2ace069d7e685c36f76cd90e364124e88fb11e.jpg\" alt=\"\" style=\"aspect-ratio:4\/3;object-fit:cover\" srcset=\"https:\/\/www.tunaholidaycentre.com\/wp-content\/uploads\/2026\/02\/4f2ace069d7e685c36f76cd90e364124e88fb11e.jpg 1440w, https:\/\/www.tunaholidaycentre.com\/wp-content\/uploads\/2026\/02\/4f2ace069d7e685c36f76cd90e364124e88fb11e-300x200.jpg 300w, https:\/\/www.tunaholidaycentre.com\/wp-content\/uploads\/2026\/02\/4f2ace069d7e685c36f76cd90e364124e88fb11e-1024x683.jpg 1024w, https:\/\/www.tunaholidaycentre.com\/wp-content\/uploads\/2026\/02\/4f2ace069d7e685c36f76cd90e364124e88fb11e-18x12.jpg 18w\" sizes=\"(max-width: 1440px) 100vw, 1440px\" \/><\/figure>\n\n\n\n<div class=\"wp-block-group is-style-default has-global-padding is-layout-constrained wp-block-group-is-layout-constrained\">\n<h3 class=\"wp-block-heading has-text-align-center\">\u00d6zel Havaliman\u0131 Transferleri<\/h3>\n\n\n\n<p class=\"has-text-align-center\">Sizi havaliman\u0131ndan konforlu ve h\u0131zl\u0131 \u015fekilde kar\u015f\u0131layarak yolculu\u011funuzu rahatlat\u0131yoruz.<\/p>\n<\/div>\n<\/div>\n<\/div>\n\n\n\n<div class=\"wp-block-column is-layout-flow wp-block-column-is-layout-flow\">\n<div class=\"wp-block-group is-style-ext-preset--group--natural-1--item-card-1--align-center has-global-padding is-layout-constrained wp-block-group-is-layout-constrained is-style-ext-preset--group--natural-1--item-card-1--align-center--3\">\n<figure class=\"wp-block-image\"><img decoding=\"async\" width=\"1440\" height=\"960\" class=\"wp-image-29\" src=\"https:\/\/www.tunaholidaycentre.com\/wp-content\/uploads\/2026\/02\/7d140b76681f52182619013245d71df8d871d4f3.jpg\" alt=\"\" style=\"aspect-ratio:4\/3;object-fit:cover\" srcset=\"https:\/\/www.tunaholidaycentre.com\/wp-content\/uploads\/2026\/02\/7d140b76681f52182619013245d71df8d871d4f3.jpg 1440w, https:\/\/www.tunaholidaycentre.com\/wp-content\/uploads\/2026\/02\/7d140b76681f52182619013245d71df8d871d4f3-300x200.jpg 300w, https:\/\/www.tunaholidaycentre.com\/wp-content\/uploads\/2026\/02\/7d140b76681f52182619013245d71df8d871d4f3-1024x683.jpg 1024w, https:\/\/www.tunaholidaycentre.com\/wp-content\/uploads\/2026\/02\/7d140b76681f52182619013245d71df8d871d4f3-18x12.jpg 18w\" sizes=\"(max-width: 1440px) 100vw, 1440px\" \/><\/figure>\n\n\n\n<div class=\"wp-block-group is-style-default has-global-padding is-layout-constrained wp-block-group-is-layout-constrained\">\n<h3 class=\"wp-block-heading has-text-align-center\">G\u00fcnl\u00fck Ke\u015fif Turlar\u0131<\/h3>\n\n\n\n<p class=\"has-text-align-center\">B\u00f6lgenin en g\u00fczel noktalar\u0131n\u0131 deneyimli rehberler e\u015fli\u011finde ke\u015ffetmenizi sa\u011fl\u0131yoruz.<\/p>\n<\/div>\n<\/div>\n<\/div>\n\n\n\n<div class=\"wp-block-column is-layout-flow wp-block-column-is-layout-flow\">\n<div class=\"wp-block-group is-style-ext-preset--group--natural-1--item-card-1--align-center has-global-padding is-layout-constrained wp-block-group-is-layout-constrained is-style-ext-preset--group--natural-1--item-card-1--align-center--4\">\n<figure class=\"wp-block-image\"><img decoding=\"async\" width=\"960\" height=\"1440\" class=\"wp-image-33\" src=\"https:\/\/www.tunaholidaycentre.com\/wp-content\/uploads\/2026\/02\/20f8165c59ec95913287037da5b7cfea1c6b40d6.jpg\" alt=\"\" style=\"aspect-ratio:4\/3;object-fit:cover\" srcset=\"https:\/\/www.tunaholidaycentre.com\/wp-content\/uploads\/2026\/02\/20f8165c59ec95913287037da5b7cfea1c6b40d6.jpg 960w, https:\/\/www.tunaholidaycentre.com\/wp-content\/uploads\/2026\/02\/20f8165c59ec95913287037da5b7cfea1c6b40d6-200x300.jpg 200w, https:\/\/www.tunaholidaycentre.com\/wp-content\/uploads\/2026\/02\/20f8165c59ec95913287037da5b7cfea1c6b40d6-683x1024.jpg 683w, https:\/\/www.tunaholidaycentre.com\/wp-content\/uploads\/2026\/02\/20f8165c59ec95913287037da5b7cfea1c6b40d6-8x12.jpg 8w\" sizes=\"(max-width: 960px) 100vw, 960px\" \/><\/figure>\n\n\n\n<div class=\"wp-block-group is-style-default has-global-padding is-layout-constrained wp-block-group-is-layout-constrained\">\n<h3 class=\"wp-block-heading has-text-align-center\">Ki\u015fiye \u00d6zel Tur Paketleri<\/h3>\n\n\n\n<p class=\"has-text-align-center\">\u0130htiya\u00e7lar\u0131n\u0131za uygun esnek tur programlar\u0131yla size \u00f6zel hizmet sunuyoruz.<\/p>\n<\/div>\n<\/div>\n<\/div>\n<\/div>\n<\/div>\n\n<div class=\"wp-block-group alignfull is-style-ext-preset--group--natural-1--section has-tertiary-background-color has-background has-global-padding is-layout-constrained wp-container-core-group-is-layout-ab56ae29 wp-block-group-is-layout-constrained\" id=\"hemen-rezervasyon\" style=\"margin-top:0;margin-bottom:0;padding-top:var(--wp--preset--spacing--70);padding-bottom:var(--wp--preset--spacing--70)\">\n<div class=\"wp-block-group alignwide is-vertical is-content-justification-center is-layout-flex wp-container-core-group-is-layout-c9ee0c5a wp-block-group-is-layout-flex\">\n<div class=\"wp-block-group has-global-padding is-layout-constrained wp-container-core-group-is-layout-dd32767c wp-block-group-is-layout-constrained\">\n<h2 class=\"wp-block-heading has-text-align-center\">Marmaris&#8217;in E\u015fsiz G\u00fczelliklerini Ke\u015ffedin<\/h2>\n\n\n\n<p class=\"has-text-align-center\">Bu b\u00f6l\u00fcm, ziyaret\u00e7ilere \u00f6zel havaalan\u0131 transferleri ve g\u00fcnl\u00fck turlar i\u00e7in kolay ve h\u0131zl\u0131 rezervasyon yapman\u0131n t\u00fcm \u00f6nemli ad\u0131mlar\u0131n\u0131 sunar.<\/p>\n<\/div>\n<\/div>\n\n\n\n<div class=\"wp-block-group alignwide has-global-padding is-layout-constrained wp-block-group-is-layout-constrained\"><div id=\"sbw_z0hg2i_calendar\"><\/div><script type=\"text\/javascript\">function instantiateSimplyBookWidget() {    new SimplybookWidget({        \"widget_type\": \"iframe\",        \"url\": \"https:\/\/rsp3833501342.simplybook.it\",        \"theme\": \"default\",        \"theme_settings\": {\"timeline_show_end_time\":false,\"timeline_hide_unavailable\":true,\"hide_past_days\":false,\"hide_img_mode\":true,\"show_sidebar\":true,\"timeline_modern_display\":\"as_slots\",\"display_item_mode\":\"block\",\"sb_base_color\":\"#12141D\",\"booking_nav_bg_color\":\"#FFFFFF\",\"body_bg_color\":\"#f7f7f7\",\"dark_font_color\":\"#494949\",\"light_font_color\":\"var(--wp--custom--elements--button--color--text)\",\"btn_color_1\":\"#FFFFFF\",\"sb_company_label_color\":\"#FFFFFF\",\"sb_busy\":\"#12141D\",\"sb_available\":\"var(--wp--custom--elements--button--color--background)\",\"sb_review_image\":\"\",\"hide_company_label\":false,\"link_color\":\"var(--wp--custom--elements--button--color--background)\"},        \"timeline\": \"modern\",        \"datepicker\": \"top_calendar\",        \"is_rtl\": \"\",        \"app_config\": {            \"clear_session\": \"1\",            \"allow_switch_to_ada\": \"\",            \"predefined\": [],        },        \"container_id\": \"sbw_z0hg2i_calendar\"    });}document.addEventListener(\"DOMContentLoaded\", instantiateSimplyBookWidget);document.addEventListener(\"loadSimplyBookPreviewWidget\", instantiateSimplyBookWidget);<\/script><\/div>\n<\/div>\n\n<div class=\"wp-block-group alignfull is-style-ext-preset--group--natural-1--section has-background-background-color has-background has-global-padding is-layout-constrained wp-container-core-group-is-layout-e955bbaf wp-block-group-is-layout-constrained\" style=\"margin-top:0;margin-bottom:0;padding-top:var(--wp--preset--spacing--70);padding-bottom:var(--wp--preset--spacing--70)\">\n<div class=\"wp-block-media-text alignwide has-media-on-the-right is-stacked-on-mobile is-image-fill-element is-style-ext-preset--media-text--natural-1--card-1 has-tertiary-background-color has-background is-style-ext-preset--media-text--natural-1--card-1--7\"><div class=\"wp-block-media-text__content\">\n<div class=\"wp-block-group alignwide is-vertical is-layout-flex wp-container-core-group-is-layout-53474e87 wp-block-group-is-layout-flex\" style=\"padding-top:var(--wp--preset--spacing--60);padding-bottom:var(--wp--preset--spacing--60)\">\n<div class=\"wp-block-group has-global-padding is-layout-constrained wp-container-core-group-is-layout-812d5580 wp-block-group-is-layout-constrained\" style=\"padding-top:0;padding-right:0;padding-bottom:0;padding-left:0\">\n<h2 class=\"wp-block-heading\">Marmaris&#8217;te Konforlu Transfer ve Tur Hizmetleri<\/h2>\n\n\n\n<p>Marmaris\u2019in g\u00fczelliklerini ke\u015ffetmek i\u00e7in \u015fimdi rezervasyon yap\u0131n ve unutulmaz bir tatilin kap\u0131lar\u0131n\u0131 aralay\u0131n. Hemen bizimle ileti\u015fime ge\u00e7erek \u00f6zel tur se\u00e7eneklerimizi \u00f6\u011frenin.<\/p>\n<\/div>\n\n\n\n<div class=\"wp-block-buttons is-layout-flex wp-block-buttons-is-layout-flex\">\n<div class=\"wp-block-button is-style-ext-preset--button--natural-1--button-1 is-style-ext-preset--button--natural-1--button-1--8\"><a class=\"wp-block-button__link wp-element-button\" href=\"https:\/\/www.tunaholidaycentre.com\/en\/iletisim\/\">Turlar\u0131m\u0131z\u0131 \u0130ncele<\/a><\/div>\n<\/div>\n<\/div>\n<\/div><figure class=\"wp-block-media-text__media\"><img decoding=\"async\" width=\"960\" height=\"1440\" class=\"wp-image-40 size-full\" src=\"https:\/\/www.tunaholidaycentre.com\/wp-content\/uploads\/2026\/02\/77aeb43cf8a3f93aaa602a4cfc85eb77ad0de98c.jpg\" alt=\"\" style=\"object-position:50% 50%\" srcset=\"https:\/\/www.tunaholidaycentre.com\/wp-content\/uploads\/2026\/02\/77aeb43cf8a3f93aaa602a4cfc85eb77ad0de98c.jpg 960w, https:\/\/www.tunaholidaycentre.com\/wp-content\/uploads\/2026\/02\/77aeb43cf8a3f93aaa602a4cfc85eb77ad0de98c-200x300.jpg 200w, https:\/\/www.tunaholidaycentre.com\/wp-content\/uploads\/2026\/02\/77aeb43cf8a3f93aaa602a4cfc85eb77ad0de98c-683x1024.jpg 683w, https:\/\/www.tunaholidaycentre.com\/wp-content\/uploads\/2026\/02\/77aeb43cf8a3f93aaa602a4cfc85eb77ad0de98c-8x12.jpg 8w\" sizes=\"(max-width: 960px) 100vw, 960px\" \/><\/figure><\/div>\n<\/div>","protected":false},"excerpt":{"rendered":"<p>Marmaris&#8217;te TUNA HOLIDAY Ayr\u0131cal\u0131\u011f\u0131n\u0131 Ya\u015fay\u0131n Konforlu ula\u015f\u0131m ve keyifli gezilerle unutulmaz anlar sunuyoruz. \u00d6zel Havaliman\u0131 Transferleri Sizi havaliman\u0131ndan konforlu ve h\u0131zl\u0131 \u015fekilde kar\u015f\u0131layarak yolculu\u011funuzu rahatlat\u0131yoruz. G\u00fcnl\u00fck Ke\u015fif Turlar\u0131 B\u00f6lgenin en g\u00fczel noktalar\u0131n\u0131 deneyimli rehberler e\u015fli\u011finde ke\u015ffetmenizi sa\u011fl\u0131yoruz. Ki\u015fiye \u00d6zel Tur Paketleri \u0130htiya\u00e7lar\u0131n\u0131za uygun esnek tur programlar\u0131yla size \u00f6zel hizmet sunuyoruz. Marmaris&#8217;in E\u015fsiz G\u00fczelliklerini Ke\u015ffedin Bu [&hellip;]<\/p>","protected":false},"author":1,"featured_media":0,"parent":0,"menu_order":0,"comment_status":"closed","ping_status":"closed","template":"page-with-title","meta":{"_monsterinsights_skip_tracking":false,"_monsterinsights_sitenote_active":false,"_monsterinsights_sitenote_note":"","_monsterinsights_sitenote_category":0,"footnotes":""},"class_list":["post-19","page","type-page","status-publish","hentry"],"aioseo_notices":[],"_links":{"self":[{"href":"https:\/\/www.tunaholidaycentre.com\/en\/wp-json\/wp\/v2\/pages\/19","targetHints":{"allow":["GET"]}}],"collection":[{"href":"https:\/\/www.tunaholidaycentre.com\/en\/wp-json\/wp\/v2\/pages"}],"about":[{"href":"https:\/\/www.tunaholidaycentre.com\/en\/wp-json\/wp\/v2\/types\/page"}],"author":[{"embeddable":true,"href":"https:\/\/www.tunaholidaycentre.com\/en\/wp-json\/wp\/v2\/users\/1"}],"replies":[{"embeddable":true,"href":"https:\/\/www.tunaholidaycentre.com\/en\/wp-json\/wp\/v2\/comments?post=19"}],"version-history":[{"count":2,"href":"https:\/\/www.tunaholidaycentre.com\/en\/wp-json\/wp\/v2\/pages\/19\/revisions"}],"predecessor-version":[{"id":45,"href":"https:\/\/www.tunaholidaycentre.com\/en\/wp-json\/wp\/v2\/pages\/19\/revisions\/45"}],"wp:attachment":[{"href":"https:\/\/www.tunaholidaycentre.com\/en\/wp-json\/wp\/v2\/media?parent=19"}],"curies":[{"name":"wp","href":"https:\/\/api.w.org\/{rel}","templated":true}]}}