{"id":20,"date":"2026-02-01T22:44:47","date_gmt":"2026-02-01T19:44:47","guid":{"rendered":"https:\/\/www.tunaholidaycentre.com\/ana-sayfa\/"},"modified":"2026-02-02T21:06:35","modified_gmt":"2026-02-02T21:06:35","slug":"ana-sayfa","status":"publish","type":"page","link":"https:\/\/www.tunaholidaycentre.com\/en\/","title":{"rendered":"Ana Sayfa"},"content":{"rendered":"<div class=\"wp-block-group alignfull is-style-ext-preset--group--natural-1--section has-background-background-color has-background has-global-padding is-layout-constrained wp-block-group-is-layout-constrained\" style=\"margin-top:0;margin-bottom:0;padding-top:var(--wp--preset--spacing--50);padding-bottom:var(--wp--preset--spacing--70)\">\n<div class=\"wp-block-columns alignwide are-vertically-aligned-center is-layout-flex wp-container-core-columns-is-layout-174606dc wp-block-columns-is-layout-flex\">\n<div class=\"wp-block-column is-vertically-aligned-center is-layout-flow wp-block-column-is-layout-flow\">\n<figure class=\"wp-block-image is-style-ext-preset--image--natural-1--image-1--content-right is-style-ext-preset--image--natural-1--image-1--content-right--2\"><img decoding=\"async\" width=\"960\" height=\"1440\" src=\"https:\/\/www.tunaholidaycentre.com\/wp-content\/uploads\/2026\/02\/facc4dafa4c24ed91ff9ebcd7ce70fed025680da.jpg\" alt=\"\" class=\"wp-image-30\" style=\"aspect-ratio:1;object-fit:cover\" srcset=\"https:\/\/www.tunaholidaycentre.com\/wp-content\/uploads\/2026\/02\/facc4dafa4c24ed91ff9ebcd7ce70fed025680da.jpg 960w, https:\/\/www.tunaholidaycentre.com\/wp-content\/uploads\/2026\/02\/facc4dafa4c24ed91ff9ebcd7ce70fed025680da-200x300.jpg 200w, https:\/\/www.tunaholidaycentre.com\/wp-content\/uploads\/2026\/02\/facc4dafa4c24ed91ff9ebcd7ce70fed025680da-683x1024.jpg 683w, https:\/\/www.tunaholidaycentre.com\/wp-content\/uploads\/2026\/02\/facc4dafa4c24ed91ff9ebcd7ce70fed025680da-8x12.jpg 8w\" sizes=\"(max-width: 960px) 100vw, 960px\" \/><\/figure>\n<\/div>\n\n\n\n<div class=\"wp-block-column is-vertically-aligned-center is-layout-flow wp-block-column-is-layout-flow\">\n<div class=\"wp-block-group alignwide is-vertical is-layout-flex wp-container-core-group-is-layout-c35747d5 wp-block-group-is-layout-flex\">\n<div class=\"wp-block-group has-global-padding is-layout-constrained wp-container-core-group-is-layout-dd32767c wp-block-group-is-layout-constrained\">\n<h1 class=\"wp-block-heading\">Konforlu ve H\u0131zl\u0131 Transferler<\/h1>\n\n\n\n<p>Marmaris&#8217;te \u00f6zel havaalan\u0131 transferlerimiz ve g\u00fcnl\u00fck turlar\u0131m\u0131zla, b\u00f6lgenin en g\u00fczel noktalar\u0131n\u0131 konforlu ve g\u00fcvenli \u015fekilde ke\u015ffetmenizi sa\u011fl\u0131yoruz.<\/p>\n<\/div>\n\n\n\n<div class=\"wp-block-buttons is-layout-flex wp-block-buttons-is-layout-flex\">\n<div class=\"wp-block-button is-style-ext-preset--button--natural-1--button-1 is-style-ext-preset--button--natural-1--button-1--3\"><a class=\"wp-block-button__link wp-element-button\" href=\"https:\/\/www.tunaholidaycentre.com\/en\/randevu\/\">DAHA FAZLA BILGI<\/a><\/div>\n<\/div>\n<\/div>\n<\/div>\n<\/div>\n<\/div>\n\n\n\n\n\n<div class=\"wp-block-group alignfull is-style-ext-preset--group--natural-1--section has-background-background-color has-background has-global-padding is-layout-constrained wp-container-core-group-is-layout-e955bbaf wp-block-group-is-layout-constrained\" id=\"hizmetler\" style=\"margin-top:0;margin-bottom:0;padding-top:var(--wp--preset--spacing--70);padding-bottom:var(--wp--preset--spacing--70)\">\n<div class=\"wp-block-group alignwide is-vertical is-content-justification-center is-layout-flex wp-container-core-group-is-layout-c9ee0c5a wp-block-group-is-layout-flex\">\n<div class=\"wp-block-group has-global-padding is-layout-constrained wp-container-core-group-is-layout-2287c683 wp-block-group-is-layout-constrained\">\n<h2 class=\"wp-block-heading has-text-align-center\">Marmaris&#8217;in \u00d6zel Havaalan\u0131 Transfer Hizmetleri<\/h2>\n\n\n\n<p class=\"has-text-align-center\">TUNA HOLIDAY olarak konforlu transferler ve unutulmaz g\u00fcnl\u00fck turlar sunarak sizlere e\u015fsiz deneyimler ya\u015fat\u0131yoruz.<\/p>\n<\/div>\n<\/div>\n\n\n\n<div class=\"wp-block-columns alignwide is-layout-flex wp-container-core-columns-is-layout-08c01c1c wp-block-columns-is-layout-flex\">\n<div class=\"wp-block-column is-layout-flow wp-block-column-is-layout-flow\">\n<div class=\"wp-block-group is-style-ext-preset--group--natural-1--item-card-1--align-center has-global-padding is-layout-constrained wp-block-group-is-layout-constrained is-style-ext-preset--group--natural-1--item-card-1--align-center--7\">\n<figure class=\"wp-block-image size-large\"><img decoding=\"async\" width=\"1024\" height=\"683\" src=\"https:\/\/www.tunaholidaycentre.com\/wp-content\/uploads\/2026\/02\/transfer-1024x683.jpg\" alt=\"\" class=\"wp-image-54\" style=\"aspect-ratio:4\/3;object-fit:cover\" srcset=\"https:\/\/www.tunaholidaycentre.com\/wp-content\/uploads\/2026\/02\/transfer-1024x683.jpg 1024w, https:\/\/www.tunaholidaycentre.com\/wp-content\/uploads\/2026\/02\/transfer-300x200.jpg 300w, https:\/\/www.tunaholidaycentre.com\/wp-content\/uploads\/2026\/02\/transfer-1536x1024.jpg 1536w, https:\/\/www.tunaholidaycentre.com\/wp-content\/uploads\/2026\/02\/transfer-18x12.jpg 18w, https:\/\/www.tunaholidaycentre.com\/wp-content\/uploads\/2026\/02\/transfer.jpg 1599w\" sizes=\"(max-width: 1024px) 100vw, 1024px\" \/><\/figure>\n\n\n\n<div class=\"wp-block-group is-style-default has-global-padding is-layout-constrained wp-block-group-is-layout-constrained\">\n<h3 class=\"wp-block-heading has-text-align-center\">\u00d6zel Havaalan\u0131 Transferleri<\/h3>\n\n\n\n<p class=\"has-text-align-center\">Konforlu ve h\u0131zl\u0131 transferlerimiz, seyahatinizi stres ve zahmetsiz hale getirmek i\u00e7in tasarlanm\u0131\u015ft\u0131r.<\/p>\n<\/div>\n<\/div>\n<\/div>\n\n\n\n<div class=\"wp-block-column is-layout-flow wp-block-column-is-layout-flow\">\n<div class=\"wp-block-group is-style-ext-preset--group--natural-1--item-card-1--align-center has-global-padding is-layout-constrained wp-block-group-is-layout-constrained is-style-ext-preset--group--natural-1--item-card-1--align-center--8\">\n<figure class=\"wp-block-image size-large\"><img decoding=\"async\" width=\"1024\" height=\"678\" src=\"https:\/\/www.tunaholidaycentre.com\/wp-content\/uploads\/2026\/02\/horse-1024x678.jpg\" alt=\"\" class=\"wp-image-55\" style=\"aspect-ratio:4\/3;object-fit:cover\" srcset=\"https:\/\/www.tunaholidaycentre.com\/wp-content\/uploads\/2026\/02\/horse-1024x678.jpg 1024w, https:\/\/www.tunaholidaycentre.com\/wp-content\/uploads\/2026\/02\/horse-300x199.jpg 300w, https:\/\/www.tunaholidaycentre.com\/wp-content\/uploads\/2026\/02\/horse-1536x1017.jpg 1536w, https:\/\/www.tunaholidaycentre.com\/wp-content\/uploads\/2026\/02\/horse-18x12.jpg 18w, https:\/\/www.tunaholidaycentre.com\/wp-content\/uploads\/2026\/02\/horse.jpg 2048w\" sizes=\"(max-width: 1024px) 100vw, 1024px\" \/><\/figure>\n\n\n\n<div class=\"wp-block-group is-style-default has-global-padding is-layout-constrained wp-block-group-is-layout-constrained\">\n<h3 class=\"wp-block-heading has-text-align-center\">G\u00fcnl\u00fck  Turlar<\/h3>\n\n\n\n<p class=\"has-text-align-center\">B\u00f6lgenin do\u011fal ve tarihi g\u00fczelliklerini ke\u015ffetmeniz i\u00e7in \u00f6zenle planlanm\u0131\u015f turlar sunuyoruz.<\/p>\n<\/div>\n<\/div>\n<\/div>\n\n\n\n<div class=\"wp-block-column is-layout-flow wp-block-column-is-layout-flow\">\n<div class=\"wp-block-group is-style-ext-preset--group--natural-1--item-card-1--align-center has-global-padding is-layout-constrained wp-block-group-is-layout-constrained is-style-ext-preset--group--natural-1--item-card-1--align-center--9\">\n<figure class=\"wp-block-image size-full\"><img decoding=\"async\" width=\"768\" height=\"960\" src=\"https:\/\/www.tunaholidaycentre.com\/wp-content\/uploads\/2026\/02\/wifibox.jpg\" alt=\"\" class=\"wp-image-56\" style=\"aspect-ratio:4\/3;object-fit:cover\" srcset=\"https:\/\/www.tunaholidaycentre.com\/wp-content\/uploads\/2026\/02\/wifibox.jpg 768w, https:\/\/www.tunaholidaycentre.com\/wp-content\/uploads\/2026\/02\/wifibox-240x300.jpg 240w, https:\/\/www.tunaholidaycentre.com\/wp-content\/uploads\/2026\/02\/wifibox-10x12.jpg 10w\" sizes=\"(max-width: 768px) 100vw, 768px\" \/><\/figure>\n\n\n\n<div class=\"wp-block-group is-style-default has-global-padding is-layout-constrained wp-block-group-is-layout-constrained\">\n<h3 class=\"wp-block-heading has-text-align-center\">Ki\u015fiye \u00d6zel Hizmetler<\/h3>\n\n\n\n<p class=\"has-text-align-center\">\u0130htiya\u00e7lar\u0131n\u0131za uygun, esnek ve g\u00fcvenilir WIFI INTERNET paketleri ile maksimum memnuniyet sa\u011fl\u0131yoruz.<\/p>\n<\/div>\n<\/div>\n<\/div>\n<\/div>\n<\/div>\n\n\n\n<div class=\"wp-block-group alignfull is-style-ext-preset--group--natural-1--section has-tertiary-background-color has-background has-global-padding is-layout-constrained wp-container-core-group-is-layout-e955bbaf wp-block-group-is-layout-constrained\" id=\"ozellikler\" style=\"margin-top:0;margin-bottom:0;padding-top:var(--wp--preset--spacing--70);padding-bottom:var(--wp--preset--spacing--70)\">\n<div class=\"wp-block-group alignwide is-vertical is-layout-flex wp-container-core-group-is-layout-c35747d5 wp-block-group-is-layout-flex\">\n<div class=\"wp-block-group has-global-padding is-layout-constrained wp-container-core-group-is-layout-5e05634a wp-block-group-is-layout-constrained\">\n<h2 class=\"wp-block-heading\">Konforlu ve H\u0131zl\u0131 \u00d6zel Transferler<\/h2>\n\n\n\n<p class=\"has-text-align-left\">Marmaris&#8217;teki \u00f6zel havaalan\u0131 transferlerimiz ve g\u00fcnl\u00fck turlar\u0131m\u0131zla unutulmaz deneyimler ya\u015fay\u0131n.<\/p>\n<\/div>\n<\/div>\n\n\n\n<div class=\"wp-block-columns alignwide is-layout-flex wp-container-core-columns-is-layout-174606dc wp-block-columns-is-layout-flex\">\n<div class=\"wp-block-column is-vertically-aligned-stretch is-layout-flow wp-container-core-column-is-layout-119bc444 wp-block-column-is-layout-flow\">\n<div class=\"wp-block-cover is-style-ext-preset--image--natural-1--image-1--content-right is-style-ext-preset--image--natural-1--image-1--content-right--11\" style=\"padding-top:0;padding-bottom:0;min-height:100%;aspect-ratio:unset;\"><img decoding=\"async\" width=\"960\" height=\"1440\" class=\"wp-block-cover__image-background wp-image-40\" alt=\"\" src=\"https:\/\/www.tunaholidaycentre.com\/wp-content\/uploads\/2026\/02\/77aeb43cf8a3f93aaa602a4cfc85eb77ad0de98c.jpg\" data-object-fit=\"cover\" srcset=\"https:\/\/www.tunaholidaycentre.com\/wp-content\/uploads\/2026\/02\/77aeb43cf8a3f93aaa602a4cfc85eb77ad0de98c.jpg 960w, https:\/\/www.tunaholidaycentre.com\/wp-content\/uploads\/2026\/02\/77aeb43cf8a3f93aaa602a4cfc85eb77ad0de98c-200x300.jpg 200w, https:\/\/www.tunaholidaycentre.com\/wp-content\/uploads\/2026\/02\/77aeb43cf8a3f93aaa602a4cfc85eb77ad0de98c-683x1024.jpg 683w, https:\/\/www.tunaholidaycentre.com\/wp-content\/uploads\/2026\/02\/77aeb43cf8a3f93aaa602a4cfc85eb77ad0de98c-8x12.jpg 8w\" sizes=\"(max-width: 960px) 100vw, 960px\" \/><span aria-hidden=\"true\" class=\"wp-block-cover__background has-background-dim-0 has-background-dim\"><\/span><div class=\"wp-block-cover__inner-container is-layout-flow wp-block-cover-is-layout-flow\">\n<div style=\"height:240px\" aria-hidden=\"true\" class=\"wp-block-spacer\"><\/div>\n<\/div><\/div>\n<\/div>\n\n\n\n<div class=\"wp-block-column is-vertically-aligned-center is-layout-flow wp-block-column-is-layout-flow\">\n<div class=\"wp-block-group is-style-ext-preset--group--natural-1--item-card-1--align-start has-global-padding is-layout-constrained wp-block-group-is-layout-constrained is-style-ext-preset--group--natural-1--item-card-1--align-start--12\">\n<div class=\"wp-block-group is-style-default has-global-padding is-layout-constrained wp-block-group-is-layout-constrained\">\n<div class=\"wp-block-group is-nowrap is-layout-flex wp-container-core-group-is-layout-64fa2afa wp-block-group-is-layout-flex\" style=\"padding-top:0;padding-right:0;padding-bottom:0;padding-left:0\">\n<figure class=\"wp-block-image size-large ext-aspect-landscape wp-duotone-primary-foreground\"><img decoding=\"async\" src=\"data:image\/svg+xml;base64,PHN2ZyB4bWxucz0iaHR0cDovL3d3dy53My5vcmcvMjAwMC9zdmciIHdpZHRoPSI0OCIgaGVpZ2h0PSI0OCIgZmlsbD0iIzAwMDAwMCIgdmlld0JveD0iMCAwIDI1NiAyNTYiPjxwYXRoIGQ9Ik0xNzIsNzZhNDQsNDQsMCwxLDAtNDQsNDRBNDQuMDUsNDQuMDUsMCwwLDAsMTcyLDc2Wm0tNDQsMjhhMjgsMjgsMCwxLDEsMjgtMjhBMjgsMjgsMCwwLDEsMTI4LDEwNFptNjAsMjRhNDQsNDQsMCwxLDAsNDQsNDRBNDQuMDUsNDQuMDUsMCwwLDAsMTg4LDEyOFptMCw3MmEyOCwyOCwwLDEsMSwyOC0yOEEyOCwyOCwwLDAsMSwxODgsMjAwWk02OCwxMjhhNDQsNDQsMCwxLDAsNDQsNDRBNDQuMDUsNDQuMDUsMCwwLDAsNjgsMTI4Wm0wLDcyYTI4LDI4LDAsMSwxLDI4LTI4QTI4LDI4LDAsMCwxLDY4LDIwMFoiPjwvcGF0aD48L3N2Zz4=\" alt=\"\" style=\"object-fit:cover\"\/><\/figure>\n\n\n\n<div class=\"wp-block-group wp-container-content-958eb9dc has-global-padding is-layout-constrained wp-container-core-group-is-layout-c06d165c wp-block-group-is-layout-constrained\" style=\"padding-top:0;padding-right:0;padding-bottom:0;padding-left:0\">\n<h3 class=\"wp-block-heading\">Havaalan\u0131 Transferleri<\/h3>\n\n\n\n<p>Konforlu ara\u00e7lar\u0131m\u0131zla h\u0131zl\u0131 ve g\u00fcvenli ula\u015f\u0131m\u0131 garantiliyoruz.<\/p>\n<\/div>\n<\/div>\n<\/div>\n<\/div>\n\n\n\n<div class=\"wp-block-group is-style-ext-preset--group--natural-1--item-card-1--align-start has-global-padding is-layout-constrained wp-block-group-is-layout-constrained is-style-ext-preset--group--natural-1--item-card-1--align-start--13\">\n<div class=\"wp-block-group is-style-default has-global-padding is-layout-constrained wp-block-group-is-layout-constrained\">\n<div class=\"wp-block-group is-nowrap is-layout-flex wp-container-core-group-is-layout-64fa2afa wp-block-group-is-layout-flex\" style=\"padding-top:0;padding-right:0;padding-bottom:0;padding-left:0\">\n<figure class=\"wp-block-image size-large ext-aspect-landscape wp-duotone-primary-foreground\"><img decoding=\"async\" src=\"data:image\/svg+xml;base64,PHN2ZyB4bWxucz0iaHR0cDovL3d3dy53My5vcmcvMjAwMC9zdmciIHdpZHRoPSI0OCIgaGVpZ2h0PSI0OCIgZmlsbD0iIzAwMDAwMCIgdmlld0JveD0iMCAwIDI1NiAyNTYiPjxwYXRoIGQ9Ik04MCw0MGE0MCw0MCwwLDEsMCw0MCw0MEE0MCw0MCwwLDAsMCw4MCw0MFptMCw2NGEyNCwyNCwwLDEsMSwyNC0yNEEyNCwyNCwwLDAsMSw4MCwxMDRabTk2LDE2YTQwLDQwLDAsMSwwLTQwLTQwQTQwLDQwLDAsMCwwLDE3NiwxMjBabTAtNjRhMjQsMjQsMCwxLDEtMjQsMjRBMjQsMjQsMCwwLDEsMTc2LDU2Wk04MCwxMzZhNDAsNDAsMCwxLDAsNDAsNDBBNDAsNDAsMCwwLDAsODAsMTM2Wm0wLDY0YTI0LDI0LDAsMSwxLDI0LTI0QTI0LDI0LDAsMCwxLDgwLDIwMFptOTYtNjRhNDAsNDAsMCwxLDAsNDAsNDBBNDAsNDAsMCwwLDAsMTc2LDEzNlptMCw2NGEyNCwyNCwwLDEsMSwyNC0yNEEyNCwyNCwwLDAsMSwxNzYsMjAwWiI+PC9wYXRoPjwvc3ZnPg==\" alt=\"\" style=\"object-fit:cover\"\/><\/figure>\n\n\n\n<div class=\"wp-block-group wp-container-content-958eb9dc has-global-padding is-layout-constrained wp-container-core-group-is-layout-c06d165c wp-block-group-is-layout-constrained\" style=\"padding-top:0;padding-right:0;padding-bottom:0;padding-left:0\">\n<h3 class=\"wp-block-heading\">G\u00fcnl\u00fck Ke\u015fif Turlar\u0131<\/h3>\n\n\n\n<p>B\u00f6lgenin en g\u00fczel noktalar\u0131n\u0131 rehberler e\u015fli\u011finde ke\u015ffedin.<\/p>\n<\/div>\n<\/div>\n<\/div>\n<\/div>\n\n\n\n<div class=\"wp-block-group is-style-ext-preset--group--natural-1--item-card-1--align-start has-global-padding is-layout-constrained wp-block-group-is-layout-constrained is-style-ext-preset--group--natural-1--item-card-1--align-start--14\">\n<div class=\"wp-block-group is-style-default has-global-padding is-layout-constrained wp-block-group-is-layout-constrained\">\n<div class=\"wp-block-group is-nowrap is-layout-flex wp-container-core-group-is-layout-64fa2afa wp-block-group-is-layout-flex\" style=\"padding-top:0;padding-right:0;padding-bottom:0;padding-left:0\">\n<figure class=\"wp-block-image size-large ext-aspect-landscape wp-duotone-primary-foreground\"><img decoding=\"async\" src=\"data:image\/svg+xml;base64,PHN2ZyB4bWxucz0iaHR0cDovL3d3dy53My5vcmcvMjAwMC9zdmciIHdpZHRoPSI0OCIgaGVpZ2h0PSI0OCIgZmlsbD0iIzAwMDAwMCIgdmlld0JveD0iMCAwIDI1NiAyNTYiPjxwYXRoIGQ9Ik04MCw0MGE0MCw0MCwwLDEsMCw0MCw0MEE0MCw0MCwwLDAsMCw4MCw0MFptMCw2NGEyNCwyNCwwLDEsMSwyNC0yNEEyNCwyNCwwLDAsMSw4MCwxMDRabTk2LDE2YTQwLDQwLDAsMSwwLTQwLTQwQTQwLDQwLDAsMCwwLDE3NiwxMjBabTAtNjRhMjQsMjQsMCwxLDEtMjQsMjRBMjQsMjQsMCwwLDEsMTc2LDU2Wk04MCwxMzZhNDAsNDAsMCwxLDAsNDAsNDBBNDAsNDAsMCwwLDAsODAsMTM2Wm0wLDY0YTI0LDI0LDAsMSwxLDI0LTI0QTI0LDI0LDAsMCwxLDgwLDIwMFptMTM2LTI0YTgsOCwwLDAsMS04LDhIMTg0djI0YTgsOCwwLDAsMS0xNiwwVjE4NEgxNDRhOCw4LDAsMCwxLDAtMTZoMjRWMTQ0YTgsOCwwLDAsMSwxNiwwdjI0aDI0QTgsOCwwLDAsMSwyMTYsMTc2WiI+PC9wYXRoPjwvc3ZnPg==\" alt=\"\" style=\"object-fit:cover\"\/><\/figure>\n\n\n\n<div class=\"wp-block-group wp-container-content-958eb9dc has-global-padding is-layout-constrained wp-container-core-group-is-layout-c06d165c wp-block-group-is-layout-constrained\" style=\"padding-top:0;padding-right:0;padding-bottom:0;padding-left:0\">\n<h3 class=\"wp-block-heading\">Profesyonel Hizmet<\/h3>\n\n\n\n<p>Deneyimli ekibimizle her yolculu\u011funuz sorunsuz ge\u00e7er.<\/p>\n<\/div>\n<\/div>\n<\/div>\n<\/div>\n<\/div>\n<\/div>\n<\/div>\n\n\n\n<div class=\"wp-block-group alignfull is-style-ext-preset--group--natural-1--section has-background-background-color has-background has-global-padding is-layout-constrained wp-container-core-group-is-layout-ab56ae29 wp-block-group-is-layout-constrained\" id=\"hemen-rezervasyon\" style=\"margin-top:0;margin-bottom:0;padding-top:var(--wp--preset--spacing--70);padding-bottom:var(--wp--preset--spacing--70)\">\n<div class=\"wp-block-group alignwide is-vertical is-content-justification-center is-layout-flex wp-container-core-group-is-layout-c9ee0c5a wp-block-group-is-layout-flex\">\n<div class=\"wp-block-group has-global-padding is-layout-constrained wp-container-core-group-is-layout-dd32767c wp-block-group-is-layout-constrained\">\n<h2 class=\"wp-block-heading has-text-align-center\">Marmaris&#8217;in B\u00fcy\u00fcleyici G\u00fczellikleri<\/h2>\n\n\n\n<p class=\"has-text-align-center\">Rezervasyonunuzu kolayca tamamlaman\u0131z i\u00e7in t\u00fcm \u00f6nemli bilgileri sunar, b\u00f6ylece transfer ve turlar\u0131n\u0131z\u0131 h\u0131zl\u0131 ve sorunsuz \u015fekilde planlayabilirsiniz.<\/p>\n<\/div>\n<\/div>\n\n\n\n<div class=\"wp-block-group alignwide has-global-padding is-layout-constrained wp-block-group-is-layout-constrained\"><div id=\"sbw_z0hg2i_calendar\"><\/div><script type=\"text\/javascript\">function instantiateSimplyBookWidget() {    new SimplybookWidget({        \"widget_type\": \"iframe\",        \"url\": \"https:\/\/rsp3833501342.simplybook.it\",        \"theme\": \"default\",        \"theme_settings\": {\"timeline_show_end_time\":false,\"timeline_hide_unavailable\":true,\"hide_past_days\":false,\"hide_img_mode\":true,\"show_sidebar\":true,\"timeline_modern_display\":\"as_slots\",\"display_item_mode\":\"block\",\"sb_base_color\":\"#12141D\",\"booking_nav_bg_color\":\"#FFFFFF\",\"body_bg_color\":\"#f7f7f7\",\"dark_font_color\":\"#494949\",\"light_font_color\":\"var(--wp--custom--elements--button--color--text)\",\"btn_color_1\":\"#FFFFFF\",\"sb_company_label_color\":\"#FFFFFF\",\"sb_busy\":\"#12141D\",\"sb_available\":\"var(--wp--custom--elements--button--color--background)\",\"sb_review_image\":\"\",\"hide_company_label\":false,\"link_color\":\"var(--wp--custom--elements--button--color--background)\"},        \"timeline\": \"modern\",        \"datepicker\": \"top_calendar\",        \"is_rtl\": \"\",        \"app_config\": {            \"clear_session\": \"1\",            \"allow_switch_to_ada\": \"\",            \"predefined\": [],        },        \"container_id\": \"sbw_z0hg2i_calendar\"    });}document.addEventListener(\"DOMContentLoaded\", instantiateSimplyBookWidget);document.addEventListener(\"loadSimplyBookPreviewWidget\", instantiateSimplyBookWidget);<\/script><\/div>\n<\/div>\n\n\n\n<div class=\"wp-block-group alignfull is-style-ext-preset--group--natural-1--section has-tertiary-background-color has-background has-global-padding is-layout-constrained wp-block-group-is-layout-constrained\" id=\"iletisim\" style=\"margin-top:0;margin-bottom:0;padding-top:var(--wp--preset--spacing--70);padding-bottom:var(--wp--preset--spacing--70)\">\n<div class=\"wp-block-media-text alignwide has-media-on-the-right is-stacked-on-mobile is-image-fill-element is-style-ext-preset--media-text--natural-1--card-1 has-background-background-color has-background is-style-ext-preset--media-text--natural-1--card-1--17\" style=\"grid-template-columns:auto 48%\"><div class=\"wp-block-media-text__content\">\n<div class=\"wp-block-group alignwide has-global-padding is-layout-constrained wp-container-core-group-is-layout-48493932 wp-block-group-is-layout-constrained\" style=\"padding-top:var(--wp--preset--spacing--55);padding-right:var(--wp--preset--spacing--55);padding-bottom:var(--wp--preset--spacing--55);padding-left:var(--wp--preset--spacing--55)\">\n<div class=\"wp-block-contact-form-7-contact-form-selector\">\n<div class=\"wpcf7 no-js\" id=\"wpcf7-f14-o1\" lang=\"tr-TR\" dir=\"ltr\" data-wpcf7-id=\"14\">\n<div class=\"screen-reader-response\"><p role=\"status\" aria-live=\"polite\" aria-atomic=\"true\"><\/p> <ul><\/ul><\/div>\n<form action=\"\/en\/wp-json\/wp\/v2\/pages\/20#wpcf7-f14-o1\" method=\"post\" class=\"wpcf7-form init\" aria-label=\"\u0130leti\u015fim Formu\" novalidate=\"novalidate\" data-status=\"init\" data-trp-original-action=\"\/en\/wp-json\/wp\/v2\/pages\/20#wpcf7-f14-o1\">\n<fieldset class=\"hidden-fields-container\"><input type=\"hidden\" name=\"_wpcf7\" value=\"14\" \/><input type=\"hidden\" name=\"_wpcf7_version\" value=\"6.1.4\" \/><input type=\"hidden\" name=\"_wpcf7_locale\" value=\"tr_TR\" \/><input type=\"hidden\" name=\"_wpcf7_unit_tag\" value=\"wpcf7-f14-o1\" \/><input type=\"hidden\" name=\"_wpcf7_container_post\" value=\"0\" \/><input type=\"hidden\" name=\"_wpcf7_posted_data_hash\" value=\"\" \/>\n<\/fieldset>\n<p><label> Ad\u0131n\u0131z<br \/>\n<span class=\"wpcf7-form-control-wrap\" data-name=\"your-name\"><input size=\"40\" maxlength=\"400\" class=\"wpcf7-form-control wpcf7-text wpcf7-validates-as-required\" autocomplete=\"name\" aria-required=\"true\" aria-invalid=\"false\" value=\"\" type=\"text\" name=\"your-name\" \/><\/span> <\/label>\n<\/p>\n<p><label> E-posta adresiniz<br \/>\n<span class=\"wpcf7-form-control-wrap\" data-name=\"your-email\"><input size=\"40\" maxlength=\"400\" class=\"wpcf7-form-control wpcf7-email wpcf7-validates-as-required wpcf7-text wpcf7-validates-as-email\" autocomplete=\"email\" aria-required=\"true\" aria-invalid=\"false\" value=\"\" type=\"email\" name=\"your-email\" \/><\/span> <\/label>\n<\/p>\n<p><label> Konu<br \/>\n<span class=\"wpcf7-form-control-wrap\" data-name=\"your-subject\"><input size=\"40\" maxlength=\"400\" class=\"wpcf7-form-control wpcf7-text wpcf7-validates-as-required\" aria-required=\"true\" aria-invalid=\"false\" value=\"\" type=\"text\" name=\"your-subject\" \/><\/span> <\/label>\n<\/p>\n<p><label> \u0130letiniz (tercihe ba\u011fl\u0131)<br \/>\n<span class=\"wpcf7-form-control-wrap\" data-name=\"your-message\"><textarea cols=\"40\" rows=\"10\" maxlength=\"2000\" class=\"wpcf7-form-control wpcf7-textarea\" aria-invalid=\"false\" name=\"your-message\"><\/textarea><\/span> <\/label>\n<\/p>\n<p><input class=\"wpcf7-form-control wpcf7-submit has-spinner\" type=\"submit\" value=\"G\u00f6nder\" \/>\n<\/p><div class=\"wpcf7-response-output\" aria-hidden=\"true\"><\/div>\n<input type=\"hidden\" name=\"trp-form-language\" value=\"en\"\/><\/form>\n<\/div>\n<\/div>\n<\/div>\n<\/div><figure class=\"wp-block-media-text__media\"><img decoding=\"async\" width=\"1440\" height=\"960\" src=\"https:\/\/www.tunaholidaycentre.com\/wp-content\/uploads\/2026\/02\/4f2ace069d7e685c36f76cd90e364124e88fb11e.jpg\" alt=\"\" class=\"wp-image-44 size-full\" style=\"object-position:50% 50%\" srcset=\"https:\/\/www.tunaholidaycentre.com\/wp-content\/uploads\/2026\/02\/4f2ace069d7e685c36f76cd90e364124e88fb11e.jpg 1440w, https:\/\/www.tunaholidaycentre.com\/wp-content\/uploads\/2026\/02\/4f2ace069d7e685c36f76cd90e364124e88fb11e-300x200.jpg 300w, https:\/\/www.tunaholidaycentre.com\/wp-content\/uploads\/2026\/02\/4f2ace069d7e685c36f76cd90e364124e88fb11e-1024x683.jpg 1024w, https:\/\/www.tunaholidaycentre.com\/wp-content\/uploads\/2026\/02\/4f2ace069d7e685c36f76cd90e364124e88fb11e-18x12.jpg 18w\" sizes=\"(max-width: 1440px) 100vw, 1440px\" \/><\/figure><\/div>\n<\/div>","protected":false},"excerpt":{"rendered":"<p>Konforlu ve H\u0131zl\u0131 Transferler Marmaris&#8217;te \u00f6zel havaalan\u0131 transferlerimiz ve g\u00fcnl\u00fck turlar\u0131m\u0131zla, b\u00f6lgenin en g\u00fczel noktalar\u0131n\u0131 konforlu ve g\u00fcvenli \u015fekilde ke\u015ffetmenizi sa\u011fl\u0131yoruz. Marmaris&#8217;te Konforlu ve H\u0131zl\u0131 Transfer Hizmetleri TUNA HOLIDAY olarak, Marmaris&#8217;te kaliteli havaalan\u0131 transferleri ve unutulmaz g\u00fcnl\u00fck turlar sunarak, misafirlerimizin konforunu ve b\u00f6lgenin g\u00fczelliklerini ke\u015ffetmesini ama\u00e7l\u0131yoruz. Marmaris&#8217;in \u00d6zel Havaalan\u0131 Transfer Hizmetleri TUNA HOLIDAY olarak konforlu [&hellip;]<\/p>","protected":false},"author":1,"featured_media":0,"parent":0,"menu_order":0,"comment_status":"closed","ping_status":"closed","template":"no-title","meta":{"_monsterinsights_skip_tracking":false,"_monsterinsights_sitenote_active":false,"_monsterinsights_sitenote_note":"","_monsterinsights_sitenote_category":0,"footnotes":""},"class_list":["post-20","page","type-page","status-publish","hentry"],"aioseo_notices":[],"_links":{"self":[{"href":"https:\/\/www.tunaholidaycentre.com\/en\/wp-json\/wp\/v2\/pages\/20","targetHints":{"allow":["GET"]}}],"collection":[{"href":"https:\/\/www.tunaholidaycentre.com\/en\/wp-json\/wp\/v2\/pages"}],"about":[{"href":"https:\/\/www.tunaholidaycentre.com\/en\/wp-json\/wp\/v2\/types\/page"}],"author":[{"embeddable":true,"href":"https:\/\/www.tunaholidaycentre.com\/en\/wp-json\/wp\/v2\/users\/1"}],"replies":[{"embeddable":true,"href":"https:\/\/www.tunaholidaycentre.com\/en\/wp-json\/wp\/v2\/comments?post=20"}],"version-history":[{"count":3,"href":"https:\/\/www.tunaholidaycentre.com\/en\/wp-json\/wp\/v2\/pages\/20\/revisions"}],"predecessor-version":[{"id":58,"href":"https:\/\/www.tunaholidaycentre.com\/en\/wp-json\/wp\/v2\/pages\/20\/revisions\/58"}],"wp:attachment":[{"href":"https:\/\/www.tunaholidaycentre.com\/en\/wp-json\/wp\/v2\/media?parent=20"}],"curies":[{"name":"wp","href":"https:\/\/api.w.org\/{rel}","templated":true}]}}